{"id":17,"date":"2019-01-18T15:04:59","date_gmt":"2019-01-18T14:04:59","guid":{"rendered":"http:\/\/norrskenetibyn.se\/?page_id=17"},"modified":"2019-01-18T17:56:02","modified_gmt":"2019-01-18T16:56:02","slug":"startsida","status":"publish","type":"page","link":"https:\/\/norrskenetibyn.se\/","title":{"rendered":"V\u00e4lkommen till Norrskenet"},"content":{"rendered":"<p>Vi erbjuder en plats f\u00f6r nyfikna barn att uppleva nya \u00e4ventyr varje dag!<\/p>\n","protected":false},"excerpt":{"rendered":"<p>Vi erbjuder en plats f\u00f6r nyfikna barn att uppleva nya \u00e4ventyr varje dag!<\/p>\n","protected":false},"author":1,"featured_media":0,"parent":0,"menu_order":0,"comment_status":"closed","ping_status":"closed","template":"","meta":{"footnotes":""},"class_list":["post-17","page","type-page","status-publish","hentry"],"_links":{"self":[{"href":"https:\/\/norrskenetibyn.se\/index.php?rest_route=\/wp\/v2\/pages\/17","targetHints":{"allow":["GET"]}}],"collection":[{"href":"https:\/\/norrskenetibyn.se\/index.php?rest_route=\/wp\/v2\/pages"}],"about":[{"href":"https:\/\/norrskenetibyn.se\/index.php?rest_route=\/wp\/v2\/types\/page"}],"author":[{"embeddable":true,"href":"https:\/\/norrskenetibyn.se\/index.php?rest_route=\/wp\/v2\/users\/1"}],"replies":[{"embeddable":true,"href":"https:\/\/norrskenetibyn.se\/index.php?rest_route=%2Fwp%2Fv2%2Fcomments&post=17"}],"version-history":[{"count":5,"href":"https:\/\/norrskenetibyn.se\/index.php?rest_route=\/wp\/v2\/pages\/17\/revisions"}],"predecessor-version":[{"id":185,"href":"https:\/\/norrskenetibyn.se\/index.php?rest_route=\/wp\/v2\/pages\/17\/revisions\/185"}],"wp:attachment":[{"href":"https:\/\/norrskenetibyn.se\/index.php?rest_route=%2Fwp%2Fv2%2Fmedia&parent=17"}],"curies":[{"name":"wp","href":"https:\/\/api.w.org\/{rel}","templated":true}]}}