{"id":142,"date":"2019-01-18T16:17:25","date_gmt":"2019-01-18T15:17:25","guid":{"rendered":"http:\/\/norrskenetibyn.se\/?page_id=142"},"modified":"2025-11-11T12:46:15","modified_gmt":"2025-11-11T11:46:15","slug":"om-norrskenet-2","status":"publish","type":"page","link":"https:\/\/norrskenetibyn.se\/?page_id=142","title":{"rendered":"Om Norrskenet"},"content":{"rendered":"\n<p>F\u00f6rskolan Norrskenet i byn ligger i Balsj\u00f6 och \u00e4r en glesbygdsf\u00f6rskola och fritidshem i en levande landsbygd. Vi \u00e4r en enskild f\u00f6rskola och fritids med visionen att skapa barnens b\u00e4sta f\u00f6rskola och fritids, d\u00e4r deras intressen och behov st\u00e5r i centrum. Ledord f\u00f6r verksamheten \u00e4r kommunikation, respekt, \u00f6ppenhet f\u00f6r olikheter och m\u00e5ngfald.<\/p>\n\n\n\n<p>Vi ser p\u00e5 utveckling, l\u00e4rande och utformningen av verksamheten ur ett helhetsperspektiv. Kunskap och h\u00e4lsa h\u00f6r ihop. N\u00e4r barnet m\u00e5r bra och \u00e4r engagerad i sin tillvaro och n\u00e4rmilj\u00f6, s\u00e5 finns de b\u00e4sta f\u00f6ruts\u00e4ttningarna f\u00f6r stimulerande l\u00e4randetillf\u00e4llen, som leder till utveckling och \u00e4nnu mera engagemang. D\u00e4rigenom gynnas barnets l\u00e4rande av en pedagogik som engagerar hela m\u00e4nniskan<\/p>\n\n\n\n<p>Vi har en unik m\u00f6jlighet att i det lilla formatet skapa starka band mellan f\u00f6rskolans och fritidsverksamhetens alla akt\u00f6rer: barn, v\u00e5rdnadshavare, pedagoger, samt huvudman\/ledning, vilket leder till en upplevelse av trygghet och n\u00e4rhet. Det fr\u00e4mjar ocks\u00e5 demokratiska processer och m\u00f6jligg\u00f6r inflytande. V\u00e4rdegrundsarbetet \u00e4r en st\u00e4ndigt p\u00e5g\u00e5ende process som verkar fr\u00e4mjande och f\u00f6rebyggande, likv\u00e4l som \u00e5tg\u00e4rdande. Varje \u00e5r revideras och ses arbetet \u00f6ver, exempelvis i \u201dPlan f\u00f6r att motverka diskriminering och kr\u00e4nkande behandling\u201d.  <\/p>\n\n\n\n<p> Vi \u00e4r den lilla f\u00f6rskolan med de stora m\u00f6jligheterna!  <\/p>\n\n\n\n<figure class=\"wp-block-image size-large\"><img loading=\"lazy\" decoding=\"async\" width=\"1139\" height=\"854\" src=\"https:\/\/norrskenetibyn.se\/wp-content\/uploads\/2025\/11\/VYY-edited.jpg\" alt=\"\" class=\"wp-image-427\" srcset=\"https:\/\/norrskenetibyn.se\/wp-content\/uploads\/2025\/11\/VYY-edited.jpg 1139w, https:\/\/norrskenetibyn.se\/wp-content\/uploads\/2025\/11\/VYY-edited-300x225.jpg 300w, https:\/\/norrskenetibyn.se\/wp-content\/uploads\/2025\/11\/VYY-edited-1024x768.jpg 1024w, https:\/\/norrskenetibyn.se\/wp-content\/uploads\/2025\/11\/VYY-edited-768x576.jpg 768w\" sizes=\"auto, (max-width: 767px) 89vw, (max-width: 1000px) 54vw, (max-width: 1071px) 543px, 580px\" \/><\/figure>\n","protected":false},"excerpt":{"rendered":"<p>F\u00f6rskolan Norrskenet i byn ligger i Balsj\u00f6 och \u00e4r en glesbygdsf\u00f6rskola och fritidshem i en levande landsbygd. Vi \u00e4r en enskild f\u00f6rskola och fritids med visionen att skapa barnens b\u00e4sta f\u00f6rskola och fritids, d\u00e4r deras intressen och behov st\u00e5r i centrum. Ledord f\u00f6r verksamheten \u00e4r kommunikation, respekt, \u00f6ppenhet f\u00f6r olikheter och m\u00e5ngfald. Vi ser p\u00e5 &hellip; <\/p>\n<p class=\"link-more\"><a href=\"https:\/\/norrskenetibyn.se\/?page_id=142\" class=\"more-link\">Forts\u00e4tt l\u00e4sa<span class=\"screen-reader-text\"> \u201dOm Norrskenet\u201d<\/span><\/a><\/p>\n","protected":false},"author":1,"featured_media":0,"parent":0,"menu_order":0,"comment_status":"closed","ping_status":"closed","template":"","meta":{"footnotes":""},"class_list":["post-142","page","type-page","status-publish","hentry"],"_links":{"self":[{"href":"https:\/\/norrskenetibyn.se\/index.php?rest_route=\/wp\/v2\/pages\/142","targetHints":{"allow":["GET"]}}],"collection":[{"href":"https:\/\/norrskenetibyn.se\/index.php?rest_route=\/wp\/v2\/pages"}],"about":[{"href":"https:\/\/norrskenetibyn.se\/index.php?rest_route=\/wp\/v2\/types\/page"}],"author":[{"embeddable":true,"href":"https:\/\/norrskenetibyn.se\/index.php?rest_route=\/wp\/v2\/users\/1"}],"replies":[{"embeddable":true,"href":"https:\/\/norrskenetibyn.se\/index.php?rest_route=%2Fwp%2Fv2%2Fcomments&post=142"}],"version-history":[{"count":9,"href":"https:\/\/norrskenetibyn.se\/index.php?rest_route=\/wp\/v2\/pages\/142\/revisions"}],"predecessor-version":[{"id":428,"href":"https:\/\/norrskenetibyn.se\/index.php?rest_route=\/wp\/v2\/pages\/142\/revisions\/428"}],"wp:attachment":[{"href":"https:\/\/norrskenetibyn.se\/index.php?rest_route=%2Fwp%2Fv2%2Fmedia&parent=142"}],"curies":[{"name":"wp","href":"https:\/\/api.w.org\/{rel}","templated":true}]}}