{"id":108,"date":"2019-01-18T16:01:17","date_gmt":"2019-01-18T15:01:17","guid":{"rendered":"http:\/\/norrskenetibyn.se\/?page_id=108"},"modified":"2025-07-02T11:07:09","modified_gmt":"2025-07-02T09:07:09","slug":"samverkan","status":"publish","type":"page","link":"https:\/\/norrskenetibyn.se\/?page_id=108","title":{"rendered":"Samverkan"},"content":{"rendered":"\n<p>Samverkan och kommunikation \u00e4r viktiga best\u00e5ndsdelar f\u00f6r den goda f\u00f6rskolan. <\/p>\n\n\n\n<p>Samverkan med hemmet sker genom t\u00e4ta f\u00f6r\u00e4ldram\u00f6ten, utvecklingssamtal, arbetskv\u00e4llar, veckobrev, f\u00f6r\u00e4ldrafika, \u00f6ppet hus och daglig kontakt vid h\u00e4mtning och l\u00e4mning.<\/p>\n\n\n\n<p>Samverkan mellan f\u00f6rskolan och f\u00f6rskoleklass samt mellan f\u00f6rskolan och kommunens f\u00f6rskolor \u00e4r n\u00e5got vi str\u00e4var efter och d\u00e4r barnen f\u00e5r m\u00f6jlighet att m\u00f6tas och l\u00e4ra av varandra.<\/p>\n\n\n\n<p>Dessutom arbetar vi med ut\u00e5triktade aktiviteter som involverar olika akt\u00f6rer i byn, b\u00e5de enskilda inv\u00e5nare och f\u00f6reningar. Vi ser stora f\u00f6rdelar med att jobba tillsammans \u00f6ver generationsgr\u00e4nserna och \u00e4ven engagera de \u00e4ldre i byn. Det hj\u00e4lper oss att f\u00f6rankra barnens bild av sin omgivning och att skapa ett sammanhang, b\u00e5de historiskt och geografiskt, och d\u00e4rigenom \u00f6ka f\u00f6rst\u00e5elsen f\u00f6r hur det \u00e4r att leva och bo p\u00e5 landsbygden.<\/p>\n\n\n\n<figure class=\"wp-block-image size-large\"><img loading=\"lazy\" decoding=\"async\" width=\"1024\" height=\"768\" src=\"https:\/\/norrskenetibyn.se\/wp-content\/uploads\/2025\/07\/hu-1-1024x768.jpg\" alt=\"\" class=\"wp-image-413\" srcset=\"https:\/\/norrskenetibyn.se\/wp-content\/uploads\/2025\/07\/hu-1-1024x768.jpg 1024w, https:\/\/norrskenetibyn.se\/wp-content\/uploads\/2025\/07\/hu-1-300x225.jpg 300w, https:\/\/norrskenetibyn.se\/wp-content\/uploads\/2025\/07\/hu-1-768x576.jpg 768w, https:\/\/norrskenetibyn.se\/wp-content\/uploads\/2025\/07\/hu-1-1536x1152.jpg 1536w, https:\/\/norrskenetibyn.se\/wp-content\/uploads\/2025\/07\/hu-1.jpg 2048w\" sizes=\"auto, (max-width: 767px) 89vw, (max-width: 1000px) 54vw, (max-width: 1071px) 543px, 580px\" \/><\/figure>\n","protected":false},"excerpt":{"rendered":"<p>Samverkan och kommunikation \u00e4r viktiga best\u00e5ndsdelar f\u00f6r den goda f\u00f6rskolan. Samverkan med hemmet sker genom t\u00e4ta f\u00f6r\u00e4ldram\u00f6ten, utvecklingssamtal, arbetskv\u00e4llar, veckobrev, f\u00f6r\u00e4ldrafika, \u00f6ppet hus och daglig kontakt vid h\u00e4mtning och l\u00e4mning. Samverkan mellan f\u00f6rskolan och f\u00f6rskoleklass samt mellan f\u00f6rskolan och kommunens f\u00f6rskolor \u00e4r n\u00e5got vi str\u00e4var efter och d\u00e4r barnen f\u00e5r m\u00f6jlighet att m\u00f6tas och l\u00e4ra &hellip; <\/p>\n<p class=\"link-more\"><a href=\"https:\/\/norrskenetibyn.se\/?page_id=108\" class=\"more-link\">Forts\u00e4tt l\u00e4sa<span class=\"screen-reader-text\"> \u201dSamverkan\u201d<\/span><\/a><\/p>\n","protected":false},"author":1,"featured_media":0,"parent":0,"menu_order":0,"comment_status":"closed","ping_status":"closed","template":"","meta":{"footnotes":""},"class_list":["post-108","page","type-page","status-publish","hentry"],"_links":{"self":[{"href":"https:\/\/norrskenetibyn.se\/index.php?rest_route=\/wp\/v2\/pages\/108","targetHints":{"allow":["GET"]}}],"collection":[{"href":"https:\/\/norrskenetibyn.se\/index.php?rest_route=\/wp\/v2\/pages"}],"about":[{"href":"https:\/\/norrskenetibyn.se\/index.php?rest_route=\/wp\/v2\/types\/page"}],"author":[{"embeddable":true,"href":"https:\/\/norrskenetibyn.se\/index.php?rest_route=\/wp\/v2\/users\/1"}],"replies":[{"embeddable":true,"href":"https:\/\/norrskenetibyn.se\/index.php?rest_route=%2Fwp%2Fv2%2Fcomments&post=108"}],"version-history":[{"count":8,"href":"https:\/\/norrskenetibyn.se\/index.php?rest_route=\/wp\/v2\/pages\/108\/revisions"}],"predecessor-version":[{"id":415,"href":"https:\/\/norrskenetibyn.se\/index.php?rest_route=\/wp\/v2\/pages\/108\/revisions\/415"}],"wp:attachment":[{"href":"https:\/\/norrskenetibyn.se\/index.php?rest_route=%2Fwp%2Fv2%2Fmedia&parent=108"}],"curies":[{"name":"wp","href":"https:\/\/api.w.org\/{rel}","templated":true}]}}