{"id":107,"date":"2019-01-18T16:01:16","date_gmt":"2019-01-18T15:01:16","guid":{"rendered":"http:\/\/norrskenetibyn.se\/?page_id=107"},"modified":"2025-06-18T13:22:14","modified_gmt":"2025-06-18T11:22:14","slug":"kontakta-oss-2","status":"publish","type":"page","link":"https:\/\/norrskenetibyn.se\/?page_id=107","title":{"rendered":"Kontaktinformation"},"content":{"rendered":"\n<p>H\u00f6r av er till oss om ni har fr\u00e5gor eller funderingar!<\/p>\n\n\n\n<p>V\u00e5rt telefonnummer \u00e4r: 073-0796683<\/p>\n\n\n\n<p>E-post: anna@norrskenetibyn.se och emma@norrskenetibyn.se<\/p>\n\n\n\n<p>Adress: Lillv\u00e4gen 36, 916 92 Bjurholm<\/p>\n\n\n\n<figure class=\"wp-block-image\"><img loading=\"lazy\" decoding=\"async\" width=\"1024\" height=\"768\" src=\"https:\/\/norrskenetibyn.se\/wp-content\/uploads\/2022\/11\/f\u00f6rskola-1024x768.jpg\" alt=\"\" class=\"wp-image-369\" srcset=\"https:\/\/norrskenetibyn.se\/wp-content\/uploads\/2022\/11\/f\u00f6rskola-1024x768.jpg 1024w, https:\/\/norrskenetibyn.se\/wp-content\/uploads\/2022\/11\/f\u00f6rskola-300x225.jpg 300w, https:\/\/norrskenetibyn.se\/wp-content\/uploads\/2022\/11\/f\u00f6rskola-768x576.jpg 768w, https:\/\/norrskenetibyn.se\/wp-content\/uploads\/2022\/11\/f\u00f6rskola.jpg 1080w\" sizes=\"auto, (max-width: 767px) 89vw, (max-width: 1000px) 54vw, (max-width: 1071px) 543px, 580px\" \/><figcaption class=\"wp-element-caption\">F\u00f6rskolan Norrskenet som \u00f6ppnade 1 Januari 2019.<\/figcaption><\/figure>\n\n\n\n<p><strong>Huvudman<\/strong><\/p>\n\n\n\n<p>F\u00f6rskolan Norrskenet i byn AB, organisationsnummer: 559180-9156 <\/p>\n\n\n\n<p>\u00c4gare: Emma Falk &amp; Anna Edlund<\/p>\n\n\n\n<p><br><br><\/p>\n","protected":false},"excerpt":{"rendered":"<p>H\u00f6r av er till oss om ni har fr\u00e5gor eller funderingar! V\u00e5rt telefonnummer \u00e4r: 073-0796683 E-post: anna@norrskenetibyn.se och emma@norrskenetibyn.se Adress: Lillv\u00e4gen 36, 916 92 Bjurholm Huvudman F\u00f6rskolan Norrskenet i byn AB, organisationsnummer: 559180-9156 \u00c4gare: Emma Falk &amp; Anna Edlund<\/p>\n","protected":false},"author":1,"featured_media":0,"parent":0,"menu_order":0,"comment_status":"closed","ping_status":"closed","template":"","meta":{"footnotes":""},"class_list":["post-107","page","type-page","status-publish","hentry"],"_links":{"self":[{"href":"https:\/\/norrskenetibyn.se\/index.php?rest_route=\/wp\/v2\/pages\/107","targetHints":{"allow":["GET"]}}],"collection":[{"href":"https:\/\/norrskenetibyn.se\/index.php?rest_route=\/wp\/v2\/pages"}],"about":[{"href":"https:\/\/norrskenetibyn.se\/index.php?rest_route=\/wp\/v2\/types\/page"}],"author":[{"embeddable":true,"href":"https:\/\/norrskenetibyn.se\/index.php?rest_route=\/wp\/v2\/users\/1"}],"replies":[{"embeddable":true,"href":"https:\/\/norrskenetibyn.se\/index.php?rest_route=%2Fwp%2Fv2%2Fcomments&post=107"}],"version-history":[{"count":13,"href":"https:\/\/norrskenetibyn.se\/index.php?rest_route=\/wp\/v2\/pages\/107\/revisions"}],"predecessor-version":[{"id":405,"href":"https:\/\/norrskenetibyn.se\/index.php?rest_route=\/wp\/v2\/pages\/107\/revisions\/405"}],"wp:attachment":[{"href":"https:\/\/norrskenetibyn.se\/index.php?rest_route=%2Fwp%2Fv2%2Fmedia&parent=107"}],"curies":[{"name":"wp","href":"https:\/\/api.w.org\/{rel}","templated":true}]}}