{"id":106,"date":"2019-01-18T16:01:16","date_gmt":"2019-01-18T15:01:16","guid":{"rendered":"http:\/\/norrskenetibyn.se\/?page_id=106"},"modified":"2025-06-18T13:22:57","modified_gmt":"2025-06-18T11:22:57","slug":"lanksamling","status":"publish","type":"page","link":"https:\/\/norrskenetibyn.se\/?page_id=106","title":{"rendered":"L\u00e4nksamling"},"content":{"rendered":"\n<p>Friskolornas riksf\u00f6rbund:<\/p>\n\n\n\n<p><a href=\"http:\/\/www.friskola.se\/\">http:\/\/www.friskola.se\/<\/a><\/p>\n\n\n\n<p>Bjurholms kommun:<\/p>\n\n\n\n<p><a href=\"http:\/\/www.bjurholm.se\/\">http:\/\/www.bjurholm.se\/<\/a><\/p>\n\n\n\n<p>L\u00e4roplan f\u00f6r f\u00f6rskolan:<\/p>\n\n\n\n<p><a href=\"https:\/\/www.skolverket.se\/undervisning\/forskolan\/laroplan-for-forskolan\">https:\/\/www.skolverket.se\/undervisning\/forskolan\/laroplan-for-forskolan<\/a><\/p>\n\n\n\n<p>Giftfri f\u00f6rskola:<\/p>\n\n\n\n<p><a href=\"https:\/\/www.naturskyddsforeningen.se\/vad-vi-gor\/miljogifter\/giftfri-forskola\">https:\/\/www.naturskyddsforeningen.se\/vad-vi-gor\/miljogifter\/giftfri-forskola<\/a><\/p>\n\n\n\n<p><\/p>\n","protected":false},"excerpt":{"rendered":"<p>Friskolornas riksf\u00f6rbund: http:\/\/www.friskola.se\/ Bjurholms kommun: http:\/\/www.bjurholm.se\/ L\u00e4roplan f\u00f6r f\u00f6rskolan: https:\/\/www.skolverket.se\/undervisning\/forskolan\/laroplan-for-forskolan Giftfri f\u00f6rskola: https:\/\/www.naturskyddsforeningen.se\/vad-vi-gor\/miljogifter\/giftfri-forskola<\/p>\n","protected":false},"author":1,"featured_media":0,"parent":0,"menu_order":0,"comment_status":"closed","ping_status":"closed","template":"","meta":{"footnotes":""},"class_list":["post-106","page","type-page","status-publish","hentry"],"_links":{"self":[{"href":"https:\/\/norrskenetibyn.se\/index.php?rest_route=\/wp\/v2\/pages\/106","targetHints":{"allow":["GET"]}}],"collection":[{"href":"https:\/\/norrskenetibyn.se\/index.php?rest_route=\/wp\/v2\/pages"}],"about":[{"href":"https:\/\/norrskenetibyn.se\/index.php?rest_route=\/wp\/v2\/types\/page"}],"author":[{"embeddable":true,"href":"https:\/\/norrskenetibyn.se\/index.php?rest_route=\/wp\/v2\/users\/1"}],"replies":[{"embeddable":true,"href":"https:\/\/norrskenetibyn.se\/index.php?rest_route=%2Fwp%2Fv2%2Fcomments&post=106"}],"version-history":[{"count":4,"href":"https:\/\/norrskenetibyn.se\/index.php?rest_route=\/wp\/v2\/pages\/106\/revisions"}],"predecessor-version":[{"id":406,"href":"https:\/\/norrskenetibyn.se\/index.php?rest_route=\/wp\/v2\/pages\/106\/revisions\/406"}],"wp:attachment":[{"href":"https:\/\/norrskenetibyn.se\/index.php?rest_route=%2Fwp%2Fv2%2Fmedia&parent=106"}],"curies":[{"name":"wp","href":"https:\/\/api.w.org\/{rel}","templated":true}]}}