{"id":105,"date":"2019-01-18T16:01:16","date_gmt":"2019-01-18T15:01:16","guid":{"rendered":"http:\/\/norrskenetibyn.se\/?page_id=105"},"modified":"2025-06-18T13:32:07","modified_gmt":"2025-06-18T11:32:07","slug":"rutiner-planer-hos-oss-2","status":"publish","type":"page","link":"https:\/\/norrskenetibyn.se\/?page_id=105","title":{"rendered":"Rutiner &#038; planer hos oss"},"content":{"rendered":"\n<p>Kvalitetsarbetet \u00e4r viktigt f\u00f6r oss, vilket inneb\u00e4r att vi systematiskt och kontinuerligt planerar, f\u00f6ljer upp och utvecklar verksamheten, b\u00e5de p\u00e5 huvudmannaniv\u00e5 och rektorsniv\u00e5. <\/p>\n\n\n\n<p><\/p>\n","protected":false},"excerpt":{"rendered":"<p>Kvalitetsarbetet \u00e4r viktigt f\u00f6r oss, vilket inneb\u00e4r att vi systematiskt och kontinuerligt planerar, f\u00f6ljer upp och utvecklar verksamheten, b\u00e5de p\u00e5 huvudmannaniv\u00e5 och rektorsniv\u00e5.<\/p>\n","protected":false},"author":1,"featured_media":0,"parent":0,"menu_order":0,"comment_status":"closed","ping_status":"closed","template":"","meta":{"footnotes":""},"class_list":["post-105","page","type-page","status-publish","hentry"],"_links":{"self":[{"href":"https:\/\/norrskenetibyn.se\/index.php?rest_route=\/wp\/v2\/pages\/105","targetHints":{"allow":["GET"]}}],"collection":[{"href":"https:\/\/norrskenetibyn.se\/index.php?rest_route=\/wp\/v2\/pages"}],"about":[{"href":"https:\/\/norrskenetibyn.se\/index.php?rest_route=\/wp\/v2\/types\/page"}],"author":[{"embeddable":true,"href":"https:\/\/norrskenetibyn.se\/index.php?rest_route=\/wp\/v2\/users\/1"}],"replies":[{"embeddable":true,"href":"https:\/\/norrskenetibyn.se\/index.php?rest_route=%2Fwp%2Fv2%2Fcomments&post=105"}],"version-history":[{"count":5,"href":"https:\/\/norrskenetibyn.se\/index.php?rest_route=\/wp\/v2\/pages\/105\/revisions"}],"predecessor-version":[{"id":408,"href":"https:\/\/norrskenetibyn.se\/index.php?rest_route=\/wp\/v2\/pages\/105\/revisions\/408"}],"wp:attachment":[{"href":"https:\/\/norrskenetibyn.se\/index.php?rest_route=%2Fwp%2Fv2%2Fmedia&parent=105"}],"curies":[{"name":"wp","href":"https:\/\/api.w.org\/{rel}","templated":true}]}}